{"id":7249,"date":"2022-07-12T07:10:26","date_gmt":"2022-07-12T06:10:26","guid":{"rendered":"http:\/\/new.devfreshbox.ch.80-74-150-110.hobo.sui-inter.net\/ueber-uns\/"},"modified":"2025-03-28T04:02:00","modified_gmt":"2025-03-28T03:02:00","slug":"about-us","status":"publish","type":"page","link":"https:\/\/www.freshbox-test.ch\/en\/about-us\/","title":{"rendered":"About Us"},"content":{"rendered":"<section class=\"l-section wpb_row height_medium\"><div class=\"l-section-h i-cf\"><div class=\"g-cols vc_row via_grid cols_1 laptops-cols_inherit tablets-cols_inherit mobiles-cols_1 valign_top type_default stacking_default\"><div class=\"wpb_column vc_column_container\"><div class=\"vc_column-inner\">[vc_custom_heading text=&#8221;\u00dcber uns&#8221; font_container=&#8221;tag:h1|text_align:center|color:%2300610b&#8221; google_fonts=&#8221;font_family:Sacramento%3Aregular|font_style:400%20regular%3A400%3Anormal&#8221;]<div class=\"wpb_text_column\"><div class=\"wpb_wrapper\"><p>&#8220;Freshbox Switzerland GmbH&#8221; ist ein Unternehmen in Z\u00fcrich, das auf die Lieferung von frischem Obst und Gem\u00fcse spezialisiert ist. Hier sind einige wichtige Details zu uns:<\/p>\n<p><strong>Hauptsitz:<\/strong> Freshbox Switzerland GmbH hat seinen Hauptsitz in Z\u00fcrich, genauer gesagt an der Aargauerstrasse 1, 8048 Z\u00fcrich, Schweiz. <a href=\"https:\/\/maps.app.goo.gl\/KCFBpsAT1s4qdwLG6\">Tor 217<\/a><\/p>\n<p><strong>Gr\u00fcndungsjahr:<\/strong> Die Dienstleistung \u201cFr\u00fcchte im Abo\u201d wurde 2003 ins Leben gerufen. Im Jahr 2007 ist die Unternehmung gegr\u00fcndet worden und ist seit 2021 im alleinigen Besitz von Georg Twerenbold.<\/p>\n<p><strong>Team:<\/strong> Das Unternehmen besch\u00e4ftigt etwa 10 Mitarbeiter am Hauptsitz in Z\u00fcrich. <a href=\"https:\/\/www.linkedin.com\/in\/violeta-bytyqi-251a41207\/\">Violeta Bytyqi<\/a> hat die operative Leitung und <a href=\"mailto:einkauf@frehbox.ch\">Sandro Spahlinger<\/a> ist f\u00fcr den Einkauf t\u00e4tig.<\/p>\n<p><strong>Dienstleistungen:<\/strong> Freshbox Switzerland GmbH bietet einen Lieferservice f\u00fcr frisches Obst\/Fr\u00fcchte und Gem\u00fcse an. Wir erm\u00f6glichen es unseren Kunden, leicht auf gesunde Snacks zuzugreifen, um eine ausgewogene Ern\u00e4hrung am Arbeitsplatz zu f\u00f6rdern. Zudem legen wir Wert auf die Aufkl\u00e4rung und das Bewusstsein f\u00fcr Frische und Qualit\u00e4t, wie es durch ihr Online-Magazin magazin.freshbox.ch vermittelt wird.<\/p>\n<p><strong>Nachhaltigkeit:<\/strong> Wir streben danach, auf die W\u00fcnsche der Kunden einzugehen und betont Nachhaltigkeit in ihrem Ansatz.<\/p>\n<p>Unser Ziel ist es nachhaltig auf Ihre W\u00fcnsche einzugehen. Schreiben Sie uns doch einfach eine <a href=\"mailto:office@freshbox.ch\">E-Mail<\/a>, wenn Sie Anregungen f\u00fcr uns haben &#8211; wir freuen uns \u00fcber Ihr Feedback.<\/p>\n<p><strong>Kommunikation: <\/strong>Wir konzentrieren uns auf die direkte Kommunikation mit unseren Kunden und sind auf diversen digitalen Plattformen aktiv.<\/p>\n<p><strong>Partnerschaften: <\/strong>Wir betreiben aktive Partnerschaften im Sportbereich mit den Vereinen: <a href=\"http:\/\/www.evz.ch\">EVZ<\/a>, <a href=\"http:\/\/www.lakers.ch\">Lakers Rapperswil<\/a>, <a href=\"http:\/\/www.zsc-lions.ch\">ZSC Lions<\/a>, <a href=\"http:\/\/www.ehco.ch\">EHC Olten<\/a> und dem <a href=\"http:\/\/www.fcb.ch\">FCBasel<\/a>. Ebenfalls engagieren wir uns bei der Plattform <a href=\"http:\/\/www.togoodtogo.com\">To Good To Go<\/a>, bei welcher wir am Wochende unsere Fr\u00fcchte &amp; gem\u00fcse weitergeben.<\/p>\n<\/div><\/div><\/div><\/div><\/div><\/div><\/section><section class=\"l-section wpb_row height_medium\"><div class=\"l-section-overlay\" style=\"background:#F2F0DE\"><\/div><div class=\"l-section-h i-cf\"><div class=\"g-cols vc_row via_grid cols_3 laptops-cols_inherit tablets-cols_inherit mobiles-cols_1 valign_top type_default stacking_default\"><div class=\"wpb_column vc_column_container\"><div class=\"vc_column-inner\"><div class=\"w-image align_none\"><div class=\"w-image-h\"><img width=\"350\" height=\"350\" src=\"https:\/\/www.freshbox-test.ch\/wp-content\/uploads\/2023\/11\/freshbox_lager-350x350.jpeg\" class=\"attachment-us_350_350_crop size-us_350_350_crop\" alt=\"\" decoding=\"async\" loading=\"lazy\" srcset=\"https:\/\/www.freshbox-test.ch\/wp-content\/uploads\/2023\/11\/freshbox_lager-350x350.jpeg 350w, https:\/\/www.freshbox-test.ch\/wp-content\/uploads\/2023\/11\/freshbox_lager-150x150.jpeg 150w, https:\/\/www.freshbox-test.ch\/wp-content\/uploads\/2023\/11\/freshbox_lager-600x598.jpeg 600w\" sizes=\"(max-width: 350px) 100vw, 350px\" \/><\/div><\/div><\/div><\/div><div class=\"wpb_column vc_column_container\"><div class=\"vc_column-inner\"><div class=\"w-image align_none\"><div class=\"w-image-h\"><img width=\"350\" height=\"350\" src=\"https:\/\/www.freshbox-test.ch\/wp-content\/uploads\/2023\/11\/freshbox_hockey-350x350.jpeg\" class=\"attachment-us_350_350_crop size-us_350_350_crop\" alt=\"\" decoding=\"async\" loading=\"lazy\" srcset=\"https:\/\/www.freshbox-test.ch\/wp-content\/uploads\/2023\/11\/freshbox_hockey-350x350.jpeg 350w, https:\/\/www.freshbox-test.ch\/wp-content\/uploads\/2023\/11\/freshbox_hockey-150x150.jpeg 150w, https:\/\/www.freshbox-test.ch\/wp-content\/uploads\/2023\/11\/freshbox_hockey-600x600.jpeg 600w\" sizes=\"(max-width: 350px) 100vw, 350px\" \/><\/div><\/div><\/div><\/div><div class=\"wpb_column vc_column_container\"><div class=\"vc_column-inner\"><div class=\"w-image align_none\"><div class=\"w-image-h\"><img width=\"350\" height=\"350\" src=\"https:\/\/www.freshbox-test.ch\/wp-content\/uploads\/2023\/11\/Freshbox_Webimages-1920x1080-Purple1-350x350.png\" class=\"attachment-us_350_350_crop size-us_350_350_crop\" alt=\"\" decoding=\"async\" loading=\"lazy\" srcset=\"https:\/\/www.freshbox-test.ch\/wp-content\/uploads\/2023\/11\/Freshbox_Webimages-1920x1080-Purple1-350x350.png 350w, https:\/\/www.freshbox-test.ch\/wp-content\/uploads\/2023\/11\/Freshbox_Webimages-1920x1080-Purple1-150x150.png 150w, https:\/\/www.freshbox-test.ch\/wp-content\/uploads\/2023\/11\/Freshbox_Webimages-1920x1080-Purple1-600x600.png 600w\" sizes=\"(max-width: 350px) 100vw, 350px\" \/><\/div><\/div><\/div><\/div><\/div><\/div><\/section>\n","protected":false},"excerpt":{"rendered":"[vc_custom_heading text=\"\u00dcber uns\" font_container=\"tag:h1|text_align:center|color:%2300610b\" google_fonts=\"font_family:Sacramento%3Aregular|font_style:400%20regular%3A400%3Anormal\"]&#8220;Freshbox Switzerland GmbH&#8221; ist ein Unternehmen in Z\u00fcrich, das auf die Lieferung von frischem Obst und Gem\u00fcse spezialisiert ist. Hier sind einige wichtige Details zu uns: Hauptsitz: Freshbox Switzerland GmbH hat seinen Hauptsitz in Z\u00fcrich, genauer gesagt an der Aargauerstrasse 1, 8048 Z\u00fcrich, Schweiz. Tor 217 Gr\u00fcndungsjahr: Die Dienstleistung \u201cFr\u00fcchte im...","protected":false},"author":1,"featured_media":0,"parent":0,"menu_order":0,"comment_status":"closed","ping_status":"closed","template":"","meta":{"footnotes":""},"acf":[],"_links":{"self":[{"href":"https:\/\/www.freshbox-test.ch\/en\/wp-json\/wp\/v2\/pages\/7249"}],"collection":[{"href":"https:\/\/www.freshbox-test.ch\/en\/wp-json\/wp\/v2\/pages"}],"about":[{"href":"https:\/\/www.freshbox-test.ch\/en\/wp-json\/wp\/v2\/types\/page"}],"author":[{"embeddable":true,"href":"https:\/\/www.freshbox-test.ch\/en\/wp-json\/wp\/v2\/users\/1"}],"replies":[{"embeddable":true,"href":"https:\/\/www.freshbox-test.ch\/en\/wp-json\/wp\/v2\/comments?post=7249"}],"version-history":[{"count":0,"href":"https:\/\/www.freshbox-test.ch\/en\/wp-json\/wp\/v2\/pages\/7249\/revisions"}],"wp:attachment":[{"href":"https:\/\/www.freshbox-test.ch\/en\/wp-json\/wp\/v2\/media?parent=7249"}],"curies":[{"name":"wp","href":"https:\/\/api.w.org\/{rel}","templated":true}]}}