{"id":104340,"date":"2023-06-08T16:47:54","date_gmt":"2023-06-08T15:47:54","guid":{"rendered":"https:\/\/staging.freshbox.ch\/kontakt\/"},"modified":"2025-03-28T04:00:06","modified_gmt":"2025-03-28T03:00:06","slug":"contact","status":"publish","type":"page","link":"https:\/\/www.freshbox-test.ch\/en\/contact\/","title":{"rendered":"Contact"},"content":{"rendered":"<section class=\"l-section wpb_row height_medium\"><div class=\"l-section-h i-cf\"><div class=\"g-cols vc_row via_grid cols_1 laptops-cols_inherit tablets-cols_inherit mobiles-cols_1 valign_top type_default stacking_default\"><div class=\"wpb_column vc_column_container\"><div class=\"vc_column-inner\">[vc_custom_heading text=&#8221;Anregungen. W\u00fcnsche. Kritik. Informationen.&#8221; font_container=&#8221;tag:h1|text_align:center|color:%2300610b&#8221; google_fonts=&#8221;font_family:Sacramento%3Aregular|font_style:400%20regular%3A400%3Anormal&#8221;]<div class=\"wpb_text_column\"><div class=\"wpb_wrapper\"><p><strong>Sagen Sie\u2019s mal &#8230; <\/strong><\/p>\n<p>Sie sind ein Fan von Freshbox? Dann freuen wir uns \u00fcber Ihr positives Feedback. Auch wenn Sie mal nicht zufrieden sind oder W\u00fcnsche haben, d\u00fcrfen Sie uns gerne kontaktieren. Wir k\u00fcmmern uns umgehend um Ihr Anliegen!<\/p>\n<p>Freshbox Switzerland GmbH l Aargauerstrasse 1b l 8048 Z\u00fcrich<br \/>\nTel.: <a href=\"tel:+41848669955\">0848 66 99 55<\/a><br \/>\nE-Mail: <a href=\"mailto:office@freshbox.ch\">office@freshbox.ch<\/a><\/p>\n<\/div><\/div><\/div><\/div><\/div><\/div><\/section><section class=\"l-section wpb_row height_medium\"><div class=\"l-section-h i-cf\"><div class=\"g-cols vc_row via_grid cols_2 laptops-cols_inherit tablets-cols_inherit mobiles-cols_1 valign_top type_default stacking_default\" style=\"--gap:4.5rem;\"><div class=\"wpb_column vc_column_container\"><div class=\"vc_column-inner\">[vc_custom_heading text=&#8221;Kontaktformular&#8221; font_container=&#8221;tag:h2|text_align:left|color:%2300610b&#8221; google_fonts=&#8221;font_family:Quicksand%3A300%2Cregular%2C700|font_style:700%20bold%20regular%3A700%3Anormal&#8221;]<form class=\"w-form  layout_ver for_cform us_form_1\" autocomplete=\"off\" action=\"https:\/\/www.freshbox-test.ch\/en\/wp-json\/wp\/v2\/pages\/104340\" method=\"post\"><div class=\"w-form-h\"><div class=\"w-form-row for_text\">\r\n\t\t<div class=\"w-form-row-field\">\r\n\t\t\t\t\t\t<input aria-label=\"Name\" type=\"text\" name=\"us_form_1_text_1\" value placeholder=\"Name\"\/>\r\n\t\t\t<\/div>\r\n\t\t<div class=\"w-form-row-state\">Fill out this field<\/div>\r\n<\/div>\r\n<div class=\"w-form-row for_email\">\r\n\t\t<div class=\"w-form-row-field\">\r\n\t\t\t\t\t\t<input aria-label=\"E-Mail\" type=\"email\" name=\"us_form_1_email_1\" value placeholder=\"E-Mail\"\/>\r\n\t\t\t<\/div>\r\n\t\t<div class=\"w-form-row-state\">Please enter a valid email address.<\/div>\r\n<\/div>\r\n<div class=\"w-form-row for_textarea\">\r\n\t\t<div class=\"w-form-row-field\">\r\n\t\t\t\t\t\t<textarea aria-label=\"Text\" name=\"us_form_1_textarea_1\" placeholder=\"Text\"><\/textarea>\r\n\t\t\t<\/div>\r\n\t\t<div class=\"w-form-row-state\">Fill out this field<\/div>\r\n<\/div>\r\n<input type=\"hidden\" name=\"action\" value=\"us_ajax_cform\" \/>\r\n<input type=\"hidden\" name=\"post_id\" value=\"0\" \/>\r\n<input type=\"hidden\" name=\"form_index\" value=\"1\" \/>\r\n<div class=\"w-form-row for_submit  align_none\">\r\n\t<button class=\"w-btn  us-btn-style_1\" aria-label=\"Submit\" type=\"submit\">\r\n\t\t<span class=\"g-preloader type_1\"><\/span>\r\n\t\t\t\t<span class=\"w-btn-label\">Submit<\/span>\r\n\t\t\t<\/button>\r\n\t<\/div>\r\n<\/div><div class=\"w-form-message\"><\/div><div class=\"w-form-json hidden\" onclick='return {&quot;ajaxurl&quot;:&quot;https:\\\/\\\/www.freshbox-test.ch\\\/wp-admin\\\/admin-ajax.php&quot;,&quot;messages&quot;:{&quot;err_empty&quot;:&quot;Fill out this field&quot;,&quot;err_size&quot;:&quot;File size cannot exceed %s MB&quot;,&quot;err_extension&quot;:&quot;%s file type is not allowed&quot;}}'><\/div><\/form><\/div><\/div><div class=\"wpb_column vc_column_container\"><div class=\"vc_column-inner\"><div class=\"w-image align_none\"><div class=\"w-image-h\"><img width=\"1024\" height=\"683\" src=\"https:\/\/www.freshbox-test.ch\/wp-content\/uploads\/2022\/07\/DSC06656-1024x683-1.jpg\" class=\"attachment-large size-large\" alt=\"\" decoding=\"async\" loading=\"lazy\" srcset=\"https:\/\/www.freshbox-test.ch\/wp-content\/uploads\/2022\/07\/DSC06656-1024x683-1.jpg 1024w, https:\/\/www.freshbox-test.ch\/wp-content\/uploads\/2022\/07\/DSC06656-1024x683-1-600x400.jpg 600w, https:\/\/www.freshbox-test.ch\/wp-content\/uploads\/2022\/07\/DSC06656-1024x683-1-300x200.jpg 300w\" sizes=\"(max-width: 1024px) 100vw, 1024px\" \/><\/div><\/div><\/div><\/div><\/div><\/div><\/section>\n","protected":false},"excerpt":{"rendered":"[vc_custom_heading text=\"Anregungen. W\u00fcnsche. Kritik. Informationen.\" font_container=\"tag:h1|text_align:center|color:%2300610b\" google_fonts=\"font_family:Sacramento%3Aregular|font_style:400%20regular%3A400%3Anormal\"]Sagen Sie\u2019s mal &#8230; Sie sind ein Fan von Freshbox? Dann freuen wir uns \u00fcber Ihr positives Feedback. Auch wenn Sie mal nicht zufrieden sind oder W\u00fcnsche haben, d\u00fcrfen Sie uns gerne kontaktieren. Wir k\u00fcmmern uns umgehend um Ihr Anliegen! Freshbox Switzerland GmbH l Aargauerstrasse 1b l 8048 Z\u00fcrich...","protected":false},"author":1,"featured_media":0,"parent":0,"menu_order":0,"comment_status":"closed","ping_status":"closed","template":"","meta":{"footnotes":""},"acf":[],"_links":{"self":[{"href":"https:\/\/www.freshbox-test.ch\/en\/wp-json\/wp\/v2\/pages\/104340"}],"collection":[{"href":"https:\/\/www.freshbox-test.ch\/en\/wp-json\/wp\/v2\/pages"}],"about":[{"href":"https:\/\/www.freshbox-test.ch\/en\/wp-json\/wp\/v2\/types\/page"}],"author":[{"embeddable":true,"href":"https:\/\/www.freshbox-test.ch\/en\/wp-json\/wp\/v2\/users\/1"}],"replies":[{"embeddable":true,"href":"https:\/\/www.freshbox-test.ch\/en\/wp-json\/wp\/v2\/comments?post=104340"}],"version-history":[{"count":0,"href":"https:\/\/www.freshbox-test.ch\/en\/wp-json\/wp\/v2\/pages\/104340\/revisions"}],"wp:attachment":[{"href":"https:\/\/www.freshbox-test.ch\/en\/wp-json\/wp\/v2\/media?parent=104340"}],"curies":[{"name":"wp","href":"https:\/\/api.w.org\/{rel}","templated":true}]}}