{"id":104315,"date":"2024-05-08T10:12:07","date_gmt":"2024-05-08T09:12:07","guid":{"rendered":"https:\/\/staging.freshbox.ch\/agb\/"},"modified":"2025-03-18T04:02:03","modified_gmt":"2025-03-18T03:02:03","slug":"agb","status":"publish","type":"page","link":"https:\/\/www.freshbox-test.ch\/en\/agb\/","title":{"rendered":"AGB"},"content":{"rendered":"<section class=\"l-section wpb_row height_medium\"><div class=\"l-section-h i-cf\"><div class=\"g-cols vc_row via_grid cols_1 laptops-cols_inherit tablets-cols_inherit mobiles-cols_1 valign_top type_default stacking_default\"><div class=\"wpb_column vc_column_container\"><div class=\"vc_column-inner\">[vc_custom_heading text=&#8221;Allgemeine Gesch\u00e4ftsbedingungen \/ AGB&#8221; font_container=&#8221;tag:h1|text_align:center|color:%2300610b&#8221; google_fonts=&#8221;font_family:Sacramento%3Aregular|font_style:400%20regular%3A400%3Anormal&#8221;]<div class=\"w-separator size_medium\"><\/div><div class=\"wpb_text_column\"><div class=\"wpb_wrapper\"><p>Diese allgemeinen Bedingungen gelten f\u00fcr die von uns gelieferte Ware. Die Auslieferung beschr\u00e4nkt sich aktuell auf die Schweiz.<\/p>\n<p><strong>Bestellung<\/strong><br \/>\nBestellungen sind via Internet auf www.freshbox.ch oder per Telefon 0848 66 99 55 m\u00f6glich.<\/p>\n<p><strong>Lieferung<\/strong><br \/>\nWir liefern die Fr\u00fcchteboxen mit unseren eigenen Kurieren aus, welche die Lieferungen direkt zu Ihnen an den Arbeitsplatz oder nach Hause liefert. Gewisse Teil-Regionen und einzelne Wochentage werden durch regionale Kuriere oder der Post Logistics abgedeckt.<\/p>\n<p>Die Lieferung f\u00fcr Abo-Bestellungen erfolgt an dem von Ihnen ausgew\u00e4hlten Datum (keine Zustellung an Postfachadressen) vormittags zwischen 7 und 12 Uhr. F\u00fcr die Richtigkeit der Empf\u00e4ngeradresse haftet der Auftraggeber.<\/p>\n<p>Einzel- und Geschenkbestellungen liefern wir teilweise auch am Nachmittag aus. Je nach Verkehr oder Auslastung sind abweichende Lieferzeiten m\u00f6glich. Aus logistischen Gr\u00fcnden k\u00f6nnen wir eine Wunschzeit \u2013 auch bei Online-Bestellungen mit On-Time-Lieferung leider nicht garantieren. Sie k\u00f6nnen uns jedoch in Ausnahmef\u00e4llen eine E-Mail an office@freshbox.ch senden und wir versuchen Ihren Wunschtermin genau einzuhalten.<\/p>\n<p>Sie verpflichten sich innerhalb dieses Zeitfensters die Lieferung in Empfang zu nehmen. Ansonsten deponieren wir die Ware an der Lieferadresse. F\u00fcr blind deponierte Lieferungen lehnen wir jegliche Haftung bei Sch\u00e4den, Verderb und Verlust ab.<\/p>\n<p>An Wochenenden und offiziellen oder kantonalen &amp; nationalen Feiertagen erfolgen keine Lieferungen.<\/p>\n<p>Lieferungen ins Ausland (Ausnahme Liechtenstein) sind leider nicht m\u00f6glich.<\/p>\n<p><strong>Preise<\/strong><br \/>\nUnsere Preise verstehen sich inklusive Mehrwertsteuer. Sie bezahlen den Kaufpreis, welcher am Liefertag g\u00fcltig und identisch mit unserem Preisangebot im Internet ist.<\/p>\n<p><strong>Transportkosten<\/strong><\/p>\n<p>Bei Abo-Bestellungen werden folgende Transportkosten verrechnet:<br \/>\n&#8211; CHF 7.50 (Stadt Z\u00fcrich)<br \/>\n&#8211; CHF 12.50 (restliche Schweiz)<\/p>\n<p>Bei Einzel-Bestellungen werden folgende Transportkosten verrechnet:<br \/>\n&#8211; CHF 12.50 (Stadt Z\u00fcrich)<br \/>\n&#8211; CHF 17.50 (restliche Schweiz)<\/p>\n<p>Bei unserem Test-Abo werden folgende Transportkosten verrechnet:<br \/>\n&#8211; CHF 7.50 (ganze Schweiz).<br \/>\nSpeziallieferungen &amp; Just In Time Lieferungen werden nach Aufwand verrechnet.<\/p>\n<p><strong>Abo-Unterbrechung und Anpassungen<\/strong><br \/>\nEin Freshbox-Abo kann im Voraus per E-Mail an office@freshbox.ch unterbrochen oder auch angepasst werden. Die Stornierung\/\u00c4nderung muss zwingend mindestens 24 Stunden (nur Werktage werden gez\u00e4hlt) vor der betroffenen Lieferung per E-Mail mitgeteilt werden. Wir sind Ihnen f\u00fcr Vorank\u00fcndigungen von Betriebsferien (z.B. Weihnachten) dankbar.<\/p>\n<p><strong>Abo-K\u00fcndigung<\/strong><br \/>\nUnsere Abos sind jederzeit per E-Mail k\u00fcndbar an office@freshbox.ch. Wir bedanken uns f\u00fcr die Angabe des K\u00fcndigungsgrundes (Ausgeschlossen sind terminierte und fix abgeschlossene Abos, als Beispiel das Jahresabo) .<\/p>\n<p><strong>Bezahlung<\/strong><br \/>\nPrivatkunden k\u00f6nnen bei uns ganz einfach per Kreditkarte (American Express, Master, Visa, Postcard) bezahlen. F\u00fcr Firmenkunden bieten wir ebenfalls die Zahlung per Rechnung an.<\/p>\n<p>Unsere Rechnungen werden monatlich per E-Mail versendet und sollten innerhalb von 10 Tagen bezahlt werden. Bei ausstehenden Zahlungen behalten wir uns vor die Lieferung der Freshboxen einzustellen, bis die Begleichung der Rechnung erfolgt ist.<\/p>\n<p><strong>E-Mail Marketing<\/strong><br \/>\nMit Abschluss einer Bestellung \u00fcber www.freshbox.ch stimmen Sie zu unseren Info-Service zu abonnieren, welche Sie jederzeit wieder mit einem Klick bei jedem E-Mail abbestellen k\u00f6nnen. Falls Sie bereits keine Willkommens-E-Mail erhalten m\u00f6chten, melden Sie sich unter office@freshbox.ch und wir l\u00f6schen Ihre E-Mailadresse aus unserem Verteiler. Bei einer Auftragserteilung an Drittpersoen oder Grossversand stimmen Sie zu die angegebenen Adressen verwenden zu d\u00fcrfen.<\/p>\n<p><strong>Garantie<\/strong><br \/>\nAuf alle unsere Produkte gew\u00e4hren wir frischeste Qualit\u00e4t. Der Gerichtstand ist Z\u00fcrich www.freshbox.ch, Freshbox Switzerland GmbH, Aargauerstrasse 1b, 8048 Z\u00fcrich<\/p>\n<p>Kontaktadresse: Freshbox Switzerland GmbH, Aargauerstrasse 1, 8048 Z\u00fcrich, Tel. 0848 66 99 55,<br \/>\ninfo@freshbox.ch Handelsregistereintrag: Eingetragener Firmenname: Freshbox Switzerland GmbH<br \/>\nNummer: CHE-020.4.037.919-6<\/p>\n<\/div><\/div><\/div><\/div><\/div><\/div><\/section>\n","protected":false},"excerpt":{"rendered":"[vc_custom_heading text=\"Allgemeine Gesch\u00e4ftsbedingungen \/ AGB\" font_container=\"tag:h1|text_align:center|color:%2300610b\" google_fonts=\"font_family:Sacramento%3Aregular|font_style:400%20regular%3A400%3Anormal\"]Diese allgemeinen Bedingungen gelten f\u00fcr die von uns gelieferte Ware. Die Auslieferung beschr\u00e4nkt sich aktuell auf die Schweiz. Bestellung Bestellungen sind via Internet auf www.freshbox.ch oder per Telefon 0848 66 99 55 m\u00f6glich. Lieferung Wir liefern die Fr\u00fcchteboxen mit unseren eigenen Kurieren aus, welche die Lieferungen direkt zu Ihnen...","protected":false},"author":1,"featured_media":0,"parent":0,"menu_order":0,"comment_status":"closed","ping_status":"closed","template":"","meta":{"footnotes":""},"acf":[],"_links":{"self":[{"href":"https:\/\/www.freshbox-test.ch\/en\/wp-json\/wp\/v2\/pages\/104315"}],"collection":[{"href":"https:\/\/www.freshbox-test.ch\/en\/wp-json\/wp\/v2\/pages"}],"about":[{"href":"https:\/\/www.freshbox-test.ch\/en\/wp-json\/wp\/v2\/types\/page"}],"author":[{"embeddable":true,"href":"https:\/\/www.freshbox-test.ch\/en\/wp-json\/wp\/v2\/users\/1"}],"replies":[{"embeddable":true,"href":"https:\/\/www.freshbox-test.ch\/en\/wp-json\/wp\/v2\/comments?post=104315"}],"version-history":[{"count":0,"href":"https:\/\/www.freshbox-test.ch\/en\/wp-json\/wp\/v2\/pages\/104315\/revisions"}],"wp:attachment":[{"href":"https:\/\/www.freshbox-test.ch\/en\/wp-json\/wp\/v2\/media?parent=104315"}],"curies":[{"name":"wp","href":"https:\/\/api.w.org\/{rel}","templated":true}]}}