{"id":104314,"date":"2023-11-08T14:52:21","date_gmt":"2023-11-08T13:52:21","guid":{"rendered":"https:\/\/staging.freshbox.ch\/impressum\/"},"modified":"2025-03-18T04:05:26","modified_gmt":"2025-03-18T03:05:26","slug":"impressum","status":"publish","type":"page","link":"https:\/\/www.freshbox-test.ch\/en\/impressum\/","title":{"rendered":"Impressum"},"content":{"rendered":"<section class=\"l-section wpb_row height_medium\"><div class=\"l-section-h i-cf\"><div class=\"g-cols vc_row via_grid cols_1 laptops-cols_inherit tablets-cols_inherit mobiles-cols_1 valign_top type_default stacking_default\"><div class=\"wpb_column vc_column_container\"><div class=\"vc_column-inner\">[vc_custom_heading text=&#8221;Impressum&#8221; font_container=&#8221;tag:h1|text_align:center|color:%2300610b&#8221; google_fonts=&#8221;font_family:Sacramento%3Aregular|font_style:400%20regular%3A400%3Anormal&#8221;]<div class=\"wpb_text_column\"><div class=\"wpb_wrapper\"><p>Bei Freshbox Switzerland Gmbh (\u00abFreshbox\u00bb) behandeln wir den Datenschutz als eine wichtige und ernsthafte Angelegenheit, zu der wir uns verpflichten. Diese Datenschutzerkl\u00e4rung kann sich im Laufe der Zeit \u00e4ndern. Wir bitten Sie daher, diese Seite regelm\u00e4\u00dfig zu besuchen und das Datum auf dieser Seite zu \u00fcberpr\u00fcfen, um sicherzustellen, dass Sie mit der neuesten Version vertraut sind.<\/p>\n<p>Wir, die Freshbox Switzerland GmbH, sind Betreiber dieser Website und somit verantwortlich f\u00fcr die Erhebung, Verarbeitung und Nutzung von personenbezogenen Daten. Dabei unterliegen wir dem Schweizer Recht zum Datenschutz gem\u00e4ss dem Bundesgesetz \u00fcber den Datenschutz (DSG) und halten die Richtlinien der Datenschutz-Grundverordnung (DSGVO) der Europ\u00e4ischen Union ein.<br \/>\nWir legen grossen Wert auf den Schutz und den ordnungsgem\u00e4ssen Umgang mit Ihren personenbezogenen Daten und erheben, verarbeiten und nutzen diese ausschliesslich in \u00dcbereinstimmung mit den nachfolgend beschriebenen Grunds\u00e4tzen und unter Beachtung der anwendbaren Datenschutzgesetze.<\/p>\n<p>Sie k\u00f6nnen unsere Website besuchen, ohne Angaben zu Ihrer Person zu hinterlassen. Wird eine Dienstleistung oder Services unseres Unternehmens \u00fcber unsere Website in Anspruch genommen, k\u00f6nnen personenbezogene Daten erhoben und verarbeitet werden. Nachfolgend erl\u00e4utern wir, welche Daten wir erheben, wie diese durch uns verwendet werden und welche Rechte Ihnen im Hinblick auf die Verwendung Ihrer Daten gegen\u00fcber uns zustehen.<\/p>\n<p><strong>1. Ihre personenbezogenen Daten<\/strong><\/p>\n<p>Personenbezogene Daten sind alle Angaben, die sich auf eine bestimmte oder bestimmbare nat\u00fcrliche Person beziehen. Dazu geh\u00f6ren zum Beispiel Ihr Name, Ihre Anschrift, Ihre E-Mail-Adresse oder auch Ihre vollst\u00e4ndige IP-Adresse.<\/p>\n<p>Die Verwendung Ihrer personenbezogenen Daten erfolgt zum Zwecke der Abwicklung unserer angebotenen Dienste bzw. des mit Ihnen bestehenden Vertragsverh\u00e4ltnisses.<\/p>\n<p>\u2022 Ihren Namen und Ihre Anschrift ben\u00f6tigen wir, um Kenntnis zu haben, wer unser Vertragspartner ist, d.h. wem gegen\u00fcber wir unsere Leistungen erbringen und abrechnen.<br \/>\n\u2022 Ihre Kontaktdaten (E-Mail-Adresse und Telefonnummer) ben\u00f6tigen wir, um mit Ihnen zu kommunizieren.<br \/>\n\u2022 Ihre E-Mail-Adresse dient zudem zum Empfang unserer Best\u00e4tigungen und Newsletter, sofern Sie diese Dienste n\u00fctzen wollen.<\/p>\n<p><strong>2. Rechtsgrundlagen<\/strong><\/p>\n<p>Der Gesch\u00e4ftssitz der Freshbox Switzerland GmbH liegt in der Schweiz und somit unterliegt unser Unternehmen im Umgang mit personenbezogenen Daten, insbesondere von in der Schweiz wohnhaften Personen, prim\u00e4r dem Bundesgesetz \u00fcber den Datenschutz (DSG). Des Weiteren dient die Datenschutz-Grundverordnung (DSGVO) der EU als Rechtsgrundlage f\u00fcr den Umgang mit personenbezogenen Daten von B\u00fcrgern der Europ\u00e4ischen Union.<\/p>\n<p><strong>3. Erhebung, Verarbeitung und Nutzung personenbezogener Daten<\/strong><\/p>\n<p><strong>a. Beim Besuch unserer Website<\/strong><br \/>\nSie k\u00f6nnen unsere Website besuchen, ohne Ihre Identit\u00e4t preiszugeben. Beim Besuch unserer Website speichern unsere Server tempor\u00e4r jeden Zugriff in einer Protokolldatei. Dabei werden folgende Informationen ohne Ihr Zutun erfasst und bis zur automatischen L\u00f6schung gespeichert: anonymisierte IP-Adresse, Datum und Uhrzeit des Zugriffs, Name und URL der abgerufenen Datei, Website, von der aus der Zugriff erfolgt, Betriebssystem Ihres Rechners, verwendeter Browser, Name Ihres Internet-Access-Providers.<\/p>\n<p>Die Erhebung und Verarbeitung dieser Daten erfolgt zum Zweck, die Nutzung unserer Website zu erm\u00f6glichen (Verbindungsaufbau), die Systemsicherheit dauerhaft zu gew\u00e4hrleisten, die technische Administration der Netzinfrastruktur und die Optimierung unseres Internetangebotes zu erm\u00f6glichen, sowie zu internen statistischen Zwecken.<\/p>\n<p>Zudem setzen wir beim Besuch unserer Website Cookies und Tracking-Tools ein. Erl\u00e4uterungen dazu finden Sie in den entsprechenden Abschnitten dieser Datenschutzerkl\u00e4rung.<\/p>\n<p><strong>b. Newsletter<\/strong><br \/>\nWir erheben Personendaten (E-Mail-Adresse, Name), wenn Sie sich \u00fcber unsere Website f\u00fcr unsern Newsletter anmelden. Wir verwenden Ihre E-Mail-Adresse daf\u00fcr, Ihnen den abonnierten Newsletter zuzustellen. Diese Daten werden nicht an Dritte weitergegeben und verbleiben bei der Freshbox Switzerland Gmbh.<\/p>\n<p>Unsere Newsletter k\u00f6nnen von Ihnen nur dann empfangen werden, wenn Sie \u00fcber eine g\u00fcltige E-Mail-Adresse verf\u00fcgen. Nach Ihrem Einkauf erhalten Sie eine Mail von uns, die einen Link beinhaltet (alle Mails), mittels dessen Sie jederzeit sich wieder abmelden k\u00f6nnen, resp. austragen. Als Kunde von Freshbox Switzerland Gmbh speichern wir jedoch Ire Daten, damit wir mit Ihnen kommunizieren k\u00f6nnen.<\/p>\n<p>Eine Abmeldung von diesen Diensten ist jederzeit m\u00f6glich und kann \u00fcber den daf\u00fcr vorgesehenen Weblink in jeder einzelnen E-Mail des abonnierten Dienstes erfolgen. Die Einwilligung in die Speicherung personenbezogener Daten, die Sie uns f\u00fcr den abonnierten Dienst erteilt haben, kann jederzeit widerrufen werden. Wenden Sie sich dazu per E-Mail an die Freshbox Switzerland GmbH.<\/p>\n<p><strong>c. Kontaktformular<\/strong><br \/>\nWenn Sie uns \u00fcber das auf unserer Website bereitgestellte Kontaktformular kontaktieren, ist die Angabe des Namens und einer g\u00fcltigen E-Mail-Adresse erforderlich. Welche weiteren personenbezogenen Daten erhoben werden, ergibt sich aus den weiteren Angaben, die Sie uns mittels des Kontaktformulars mitteilen. Sofern Sie per E-Mail oder \u00fcber ein Kontaktformular den Kontakt mit der Freshbox Switzerland GmbH aufnehmen, werden die von Ihnen \u00fcbermittelten personenbezogenen Daten automatisch gespeichert. Die Freshbox Switzerland GmbH verwendet diese Daten zur Bearbeitung Ihrer Anfrage und der Kontaktaufnahme. Es erfolgt keine Weitergabe dieser personenbezogenen Daten an Dritte.<\/p>\n<p><strong>d. Cookies<\/strong><br \/>\nAuf unserer Website verwenden wir Cookies. Dies sind kleine Textdateien, die bei Ihrem Besuch auf unserer Website auf der Festplatte Ihres Computers dauerhaft oder tempor\u00e4r gespeichert werden. Diese Cookies besch\u00e4digen weder die Festplatte Ihres Computers noch enthalten sie Viren, Trojaner oder sonstige Schadsoftware.<\/p>\n<p>Zweck dieser Cookies ist insbesondere die statistische Auswertung der Nutzung unserer Website. Durch die Setzung von Cookies erhobene Daten werden durch technische Vorkehrungen pseudonymisiert. Eine Zuordnung der Daten zum aufrufenden Nutzer ist nicht mehr m\u00f6glich. Die Daten werden nicht gemeinsam mit sonstigen personenbezogenen Daten gespeichert oder verkn\u00fcpft.<\/p>\n<p>Die Cookies auf unserer Website k\u00f6nnen Sie in Ihrem Browser jederzeit ganz oder teilweise deaktivieren. Bei deaktivierten Cookies stehen Ihnen allenfalls nicht mehr alle Funktionen unserer Website zur Verf\u00fcgung.<\/p>\n<p><strong>e. Google AdWords<\/strong><br \/>\nWir nutzen auf unserer Website das Online-Webprogramm \u00abGoogle AdWords\u00bb, einen Dienst der Google Inc. und die in diesem Programm enthaltene M\u00f6glichkeit zum Conversion-Tracking. Wenn Sie \u00fcber eine Google-Anzeige auf unsere Website gelangen, legt Google AdWords ein Conversion-Cookie in Ihrem Browser ab, der es uns erm\u00f6glicht, Statistiken \u00fcber die Nutzung unserer Website zu erstellen. Dieses Conversion-Cookie verliert nach sp\u00e4testens 90 Tagen seine G\u00fcltigkeit und wird nicht zu einer Identifikation des Nutzers herangezogen.<\/p>\n<p>Weitere Informationen zum Conversion-Tracking, insbesondere auch wie Sie die Erfassung der Daten durch den von Google gesetzten Cookie verhindern k\u00f6nnen, finden Sie unter folgendem Link: http:\/\/services.google.com\/sitestats\/de.html<\/p>\n<p>Die Setzung von Cookies durch unsere Website k\u00f6nnen Sie in Ihrem Browser jederzeit ganz oder teilweise deaktivieren. Bei deaktivierten Cookies stehen Ihnen allenfalls nicht mehr alle Funktionen unserer Website zur Verf\u00fcgung.<\/p>\n<p><strong>f. Google Analytics<\/strong><br \/>\nWir nutzen auf unserer Website \u00abGoogle Analytics\u00bb, einen Webanalysedienst der Google Inc. mit Sitz in den USA. Google Analytics verwendet ebenfalls die bereits beschriebenen Cookies. Die dadurch erzeugten Informationen \u00fcber Ihre Benutzung der Website (Browser-Typ\/-Version, verwendetes Betriebssystem, Referrer-URL (zuvor besuchte Website), anonymisierte IP-Adresse und Uhrzeit der Serveranfrage) werden an Server von Google \u00fcbertragen und dort gespeichert. Aufgrund dieser gespeicherten Daten k\u00f6nnen keine R\u00fcckschl\u00fcsse auf Ihre Person gemacht werden. Gegebenenfalls werden diese Informationen an Dritte \u00fcbertragen, wenn diese die Daten im Auftrag von Google verarbeiten.<\/p>\n<p>Unter keinen Umst\u00e4nden wird die IP-Adresse mit anderen den Nutzer betreffenden Daten in Verbindung gebracht. Die Freshbox Switzerland GmbH verwendet f\u00fcr Google Analytics einen Zusatz, mit welchem die IP-Adresse des Internetanschlusses von Google gek\u00fcrzt und anonymisiert wird.<\/p>\n<p>Zus\u00e4tzlich nutzen wir Remarketing-Listen von Google Analytics. Mit Remarketing-Listen k\u00f6nnen Besucher unserer Website durch zielgerichtete Werbung auf den Seiten des Google-Partnernetzwerks und des Google-Suchnetzwerks erneut angesprochen werden. Die Einblendung der Werbung erfolgt ebenfalls durch Cookies.<\/p>\n<p>Weiter werden durch die erhobenen Daten unter Verwendung von Pseudonymen Nutzungsprofile erstellt. Diese dienen der Analyse des Besucherverhaltens und werden zur Verbesserung und bedarfsgerechten Gestaltung unseres Angebots ausgewertet. Die pseudonymisierten Nutzungsprofile werden nicht mit personenbezogenen Daten des Tr\u00e4gers zusammengef\u00fchrt.<\/p>\n<p>Der Erfassung durch Google Analytics k\u00f6nnen Sie jederzeit widersprechen. Dazu m\u00fcssen Sie ein Browser-Add-On unter dem Link https:\/\/tools.google.com\/dlpage\/gaoptout?hl=de<\/p>\n<p>herunterladen und installieren. Dieses Browser-Add-On teilt Google Analytics \u00fcber JavaScript mit, dass keine Daten und Informationen zu den Besuchen von Internetseiten an Google Analytics \u00fcbermittelt werden d\u00fcrfen. Sofern das Browser-Add-On einmal deinstalliert oder deaktiviert wird, besteht die M\u00f6glichkeit der Neuinstallation oder der erneuten Aktivierung.<\/p>\n<p>Alternativ zum Browser-Add-On, insbesondere bei Browsern auf mobilen Endger\u00e4ten, k\u00f6nnen Sie die Erfassung durch Google Analytics zudem verhindern, indem Sie auf diesen Link klicken (Achtung: der Klick generiert keine sichtbare Aktion) und somit ein Opt-Out-Cookie setzen. Der Opt-Out-Cookie gilt nur in diesem Browser und nur f\u00fcr unsere Website. Er wird auf Ihrem Ger\u00e4t abgelegt. L\u00f6schen Sie die Cookies in diesem Browser, m\u00fcssen Sie auch den Opt-Out-Cookie neu setzen.<\/p>\n<p>Weiter Angaben zum Datenschutz bei Google finden Sie unter folgendem Link:<br \/>\nhttps:\/\/www.google.com\/intl\/de_DE\/analytics\/learn\/privacy.html<\/p>\n<p><strong>4. Widerruf von Einwilligungen, Auskunft &amp; Berechtigung<\/strong><\/p>\n<p>Nach dem Bundesgesetz \u00fcber den Datenschutz (DSG) haben Sie ein Recht auf unentgeltliche Auskunft \u00fcber Ihre gespeicherten Daten (Art. 8 DSG) sowie ein Recht auf Berichtigung (Art. 5 Abs. 2 DSG). Dar\u00fcber hinaus k\u00f6nnen Sie verlangen, dass Ihre Daten gel\u00f6scht werden, soweit diese nicht mehr zur Vertragsabwicklung ben\u00f6tigt werden. Ebenso k\u00f6nnen Sie die Sperrung Ihrer Daten verlangen. Auskunftsbegehren und Sperrungs- bzw. L\u00f6schungsverlangen k\u00f6nnen in schriftlicher Form (per Post, per E-Mail oder \u00fcber unser Kontaktformular) an die Freshbox Switzerland GmbH gerichtet werden.<\/p>\n<p>B\u00fcrgern der Europ\u00e4ischen Union stehen s\u00e4mtliche Rechte nach der DSGVO zu. Diese sind namentlich:<br \/>\n\u2022 Recht auf Best\u00e4tigung<br \/>\n\u2022 Recht auf Auskunft<br \/>\n\u2022 Recht auf Berichtigung<br \/>\n\u2022 Recht auf L\u00f6schung (Recht auf Vergessenwerden)<br \/>\n\u2022 Recht auf Einschr\u00e4nkung der Verarbeitung<br \/>\n\u2022 Recht auf Daten\u00fcbertragbarkeit<br \/>\n\u2022 Recht auf Widerspruch<br \/>\n\u2022 Recht auf Widerruf einer datenschutzrechtlichen Einwilligung<br \/>\nF\u00fcr eine Auskunft f\u00fcr Ihre personenbezogenen Daten, zur Veranlassung einer Korrektur unrichtiger Daten oder deren Sperrung bzw. L\u00f6schung sowie f\u00fcr weitergehende Fragen \u00fcber die Verwendung Ihrer personenbezogenen Daten kontaktieren Sie bitte: Freshbox Switzerland Gmbh, Aargauerstrasse 1, 8048 Z\u00fcrich, Georg Twerenbold gt@freshbox.ch oder 0848 66 99 55.<\/p>\n<p><strong>5. Aktualit\u00e4t der Datenschutzerkl\u00e4rung<\/strong><\/p>\n<p>Diese Datenschutzerkl\u00e4rung ist aktuell g\u00fcltig und datiert vom 1. Juni 2018. Sie kann jederzeit auf unserer Webseite von Ihnen abgerufen werden.<\/p>\n<p>Kontaktadresse: Freshbox Switzerland GmbH, Aargauerstrasse 1, 8048 Z\u00fcrich, Tel. 0848 66 99 55,<br \/>\ninfo@freshbox.ch Handelsregistereintrag: Eingetragener Firmenname: Freshbox Switzerland GmbH<br \/>\nNummer: CHE-020.4.037.919-6<\/p>\n<\/div><\/div><\/div><\/div><\/div><\/div><\/section>\n","protected":false},"excerpt":{"rendered":"[vc_custom_heading text=\"Impressum\" font_container=\"tag:h1|text_align:center|color:%2300610b\" google_fonts=\"font_family:Sacramento%3Aregular|font_style:400%20regular%3A400%3Anormal\"]Bei Freshbox Switzerland Gmbh (\u00abFreshbox\u00bb) behandeln wir den Datenschutz als eine wichtige und ernsthafte Angelegenheit, zu der wir uns verpflichten. Diese Datenschutzerkl\u00e4rung kann sich im Laufe der Zeit \u00e4ndern. Wir bitten Sie daher, diese Seite regelm\u00e4\u00dfig zu besuchen und das Datum auf dieser Seite zu \u00fcberpr\u00fcfen, um sicherzustellen, dass Sie mit der...","protected":false},"author":1,"featured_media":0,"parent":0,"menu_order":0,"comment_status":"closed","ping_status":"closed","template":"","meta":{"footnotes":""},"acf":[],"_links":{"self":[{"href":"https:\/\/www.freshbox-test.ch\/en\/wp-json\/wp\/v2\/pages\/104314"}],"collection":[{"href":"https:\/\/www.freshbox-test.ch\/en\/wp-json\/wp\/v2\/pages"}],"about":[{"href":"https:\/\/www.freshbox-test.ch\/en\/wp-json\/wp\/v2\/types\/page"}],"author":[{"embeddable":true,"href":"https:\/\/www.freshbox-test.ch\/en\/wp-json\/wp\/v2\/users\/1"}],"replies":[{"embeddable":true,"href":"https:\/\/www.freshbox-test.ch\/en\/wp-json\/wp\/v2\/comments?post=104314"}],"version-history":[{"count":0,"href":"https:\/\/www.freshbox-test.ch\/en\/wp-json\/wp\/v2\/pages\/104314\/revisions"}],"wp:attachment":[{"href":"https:\/\/www.freshbox-test.ch\/en\/wp-json\/wp\/v2\/media?parent=104314"}],"curies":[{"name":"wp","href":"https:\/\/api.w.org\/{rel}","templated":true}]}}